{"id":153,"date":"2023-07-22T06:29:25","date_gmt":"2023-07-22T04:29:25","guid":{"rendered":"https:\/\/www.hak-lienz.at\/web\/?page_id=153"},"modified":"2025-07-04T17:59:06","modified_gmt":"2025-07-04T15:59:06","slug":"abschluss","status":"publish","type":"page","link":"https:\/\/www.hak-lienz.at\/web\/abschluss\/","title":{"rendered":"Abschluss"},"content":{"rendered":"\t\t<div data-elementor-type=\"wp-page\" data-elementor-id=\"153\" class=\"elementor elementor-153\" data-elementor-post-type=\"page\">\n\t\t\t\t\t\t\t\t\t<section class=\"elementor-section elementor-top-section elementor-element elementor-element-5460ffd elementor-section-height-min-height elementor-section-boxed elementor-section-height-default elementor-section-items-middle wpr-particle-no wpr-jarallax-no wpr-parallax-no wpr-sticky-section-no\" data-id=\"5460ffd\" data-element_type=\"section\">\n\t\t\t\t\t\t\t<div class=\"elementor-background-overlay\"><\/div>\n\t\t\t\t\t\t\t<div class=\"elementor-container elementor-column-gap-default\">\n\t\t\t\t\t<div class=\"elementor-column elementor-col-100 elementor-top-column elementor-element elementor-element-f050c5b\" data-id=\"f050c5b\" data-element_type=\"column\">\n\t\t\t<div class=\"elementor-widget-wrap elementor-element-populated\">\n\t\t\t\t\t\t\t\t<div class=\"elementor-element elementor-element-8de59a3 elementor-widget elementor-widget-menu-anchor\" data-id=\"8de59a3\" data-element_type=\"widget\" data-widget_type=\"menu-anchor.default\">\n\t\t\t\t<div class=\"elementor-widget-container\">\n\t\t\t<style>\/*! elementor - v3.17.0 - 08-11-2023 *\/\nbody.elementor-page .elementor-widget-menu-anchor{margin-bottom:0}<\/style>\t\t<div id=\"top\" class=\"elementor-menu-anchor\"><\/div>\n\t\t\t\t<\/div>\n\t\t\t\t<\/div>\n\t\t\t\t\t<\/div>\n\t\t<\/div>\n\t\t\t\t\t\t\t<\/div>\n\t\t<\/section>\n\t\t\t\t<section class=\"elementor-section elementor-top-section elementor-element elementor-element-da1b486 elementor-section-height-min-height elementor-section-content-middle elementor-section-boxed elementor-section-height-default elementor-section-items-middle wpr-particle-no wpr-jarallax-no wpr-parallax-no wpr-sticky-section-no\" data-id=\"da1b486\" data-element_type=\"section\">\n\t\t\t\t\t\t\t<div class=\"elementor-background-overlay\"><\/div>\n\t\t\t\t\t\t\t<div class=\"elementor-container elementor-column-gap-default\">\n\t\t\t\t\t<div class=\"elementor-column elementor-col-100 elementor-top-column elementor-element elementor-element-26568f0\" data-id=\"26568f0\" data-element_type=\"column\" data-settings=\"{&quot;background_background&quot;:&quot;classic&quot;}\">\n\t\t\t<div class=\"elementor-widget-wrap elementor-element-populated\">\n\t\t\t\t\t<div class=\"elementor-background-overlay\"><\/div>\n\t\t\t\t\t\t\t\t<div class=\"elementor-element elementor-element-5ba4637 elementor-widget elementor-widget-heading\" data-id=\"5ba4637\" data-element_type=\"widget\" data-settings=\"{&quot;motion_fx_motion_fx_scrolling&quot;:&quot;yes&quot;,&quot;motion_fx_motion_fx_mouse&quot;:&quot;yes&quot;,&quot;motion_fx_devices&quot;:[&quot;desktop&quot;,&quot;tablet_extra&quot;,&quot;tablet&quot;,&quot;mobile_extra&quot;,&quot;mobile&quot;]}\" data-widget_type=\"heading.default\">\n\t\t\t\t<div class=\"elementor-widget-container\">\n\t\t\t<style>\/*! elementor - v3.17.0 - 08-11-2023 *\/\n.elementor-heading-title{padding:0;margin:0;line-height:1}.elementor-widget-heading .elementor-heading-title[class*=elementor-size-]>a{color:inherit;font-size:inherit;line-height:inherit}.elementor-widget-heading .elementor-heading-title.elementor-size-small{font-size:15px}.elementor-widget-heading .elementor-heading-title.elementor-size-medium{font-size:19px}.elementor-widget-heading .elementor-heading-title.elementor-size-large{font-size:29px}.elementor-widget-heading .elementor-heading-title.elementor-size-xl{font-size:39px}.elementor-widget-heading .elementor-heading-title.elementor-size-xxl{font-size:59px}<\/style><span class=\"elementor-heading-title elementor-size-default\">HAK Abschluss<\/span>\t\t<\/div>\n\t\t\t\t<\/div>\n\t\t\t\t\t<\/div>\n\t\t<\/div>\n\t\t\t\t\t\t\t<\/div>\n\t\t<\/section>\n\t\t\t\t<section class=\"elementor-section elementor-top-section elementor-element elementor-element-c31bbb9 elementor-section-boxed elementor-section-height-default elementor-section-height-default wpr-particle-no wpr-jarallax-no wpr-parallax-no wpr-sticky-section-no\" data-id=\"c31bbb9\" data-element_type=\"section\" data-settings=\"{&quot;background_background&quot;:&quot;classic&quot;}\">\n\t\t\t\t\t\t<div class=\"elementor-container elementor-column-gap-default\">\n\t\t\t\t\t<div class=\"elementor-column elementor-col-50 elementor-top-column elementor-element elementor-element-5982a84\" data-id=\"5982a84\" data-element_type=\"column\" data-settings=\"{&quot;background_background&quot;:&quot;classic&quot;}\">\n\t\t\t<div class=\"elementor-widget-wrap elementor-element-populated\">\n\t\t\t\t\t\t\t\t<div class=\"elementor-element elementor-element-a6b9ed4 elementor-widget elementor-widget-text-editor\" data-id=\"a6b9ed4\" data-element_type=\"widget\" data-widget_type=\"text-editor.default\">\n\t\t\t\t<div class=\"elementor-widget-container\">\n\t\t\t<style>\/*! elementor - v3.17.0 - 08-11-2023 *\/\n.elementor-widget-text-editor.elementor-drop-cap-view-stacked .elementor-drop-cap{background-color:#69727d;color:#fff}.elementor-widget-text-editor.elementor-drop-cap-view-framed .elementor-drop-cap{color:#69727d;border:3px solid;background-color:transparent}.elementor-widget-text-editor:not(.elementor-drop-cap-view-default) .elementor-drop-cap{margin-top:8px}.elementor-widget-text-editor:not(.elementor-drop-cap-view-default) .elementor-drop-cap-letter{width:1em;height:1em}.elementor-widget-text-editor .elementor-drop-cap{float:left;text-align:center;line-height:1;font-size:50px}.elementor-widget-text-editor .elementor-drop-cap-letter{display:inline-block}<\/style>\t\t\t\t<h1>Was kann ich nach der HAK alles machen?<\/h1><p>Du hast nach den 5 Jahre einen sehr hohen Bildungsgrad erreicht. <br \/>ISCED (=International Standard Classification of Education): Stufe 5!<\/p>\t\t\t\t\t\t<\/div>\n\t\t\t\t<\/div>\n\t\t\t\t\t<\/div>\n\t\t<\/div>\n\t\t\t\t<div class=\"elementor-column elementor-col-50 elementor-top-column elementor-element elementor-element-eb7a72f\" data-id=\"eb7a72f\" data-element_type=\"column\">\n\t\t\t<div class=\"elementor-widget-wrap elementor-element-populated\">\n\t\t\t\t\t\t\t\t<div class=\"elementor-element elementor-element-840cd22 elementor-widget__width-initial elementor-widget elementor-widget-image\" data-id=\"840cd22\" data-element_type=\"widget\" data-widget_type=\"image.default\">\n\t\t\t\t<div class=\"elementor-widget-container\">\n\t\t\t<style>\/*! elementor - v3.17.0 - 08-11-2023 *\/\n.elementor-widget-image{text-align:center}.elementor-widget-image a{display:inline-block}.elementor-widget-image a img[src$=\".svg\"]{width:48px}.elementor-widget-image img{vertical-align:middle;display:inline-block}<\/style>\t\t\t\t\t\t\t\t\t\t\t\t<img loading=\"lazy\" decoding=\"async\" width=\"700\" height=\"191\" src=\"https:\/\/www.hak-lienz.at\/web\/wp-content\/uploads\/2023\/08\/alle-Moeglichkeiten_700_150.png\" class=\"attachment-large size-large wp-image-4139\" alt=\"\" srcset=\"https:\/\/www.hak-lienz.at\/web\/wp-content\/uploads\/2023\/08\/alle-Moeglichkeiten_700_150.png 700w, https:\/\/www.hak-lienz.at\/web\/wp-content\/uploads\/2023\/08\/alle-Moeglichkeiten_700_150-300x82.png 300w, https:\/\/www.hak-lienz.at\/web\/wp-content\/uploads\/2023\/08\/alle-Moeglichkeiten_700_150-50x14.png 50w, https:\/\/www.hak-lienz.at\/web\/wp-content\/uploads\/2023\/08\/alle-Moeglichkeiten_700_150-100x27.png 100w\" sizes=\"auto, (max-width: 700px) 100vw, 700px\" \/>\t\t\t\t\t\t\t\t\t\t\t\t\t\t\t<\/div>\n\t\t\t\t<\/div>\n\t\t\t\t\t<\/div>\n\t\t<\/div>\n\t\t\t\t\t\t\t<\/div>\n\t\t<\/section>\n\t\t\t\t<section class=\"elementor-section elementor-top-section elementor-element elementor-element-0c2506d elementor-hidden-mobile elementor-section-boxed elementor-section-height-default elementor-section-height-default wpr-particle-no wpr-jarallax-no wpr-parallax-no wpr-sticky-section-no\" data-id=\"0c2506d\" data-element_type=\"section\">\n\t\t\t\t\t\t\t<div class=\"elementor-background-overlay\"><\/div>\n\t\t\t\t\t\t\t<div class=\"elementor-container elementor-column-gap-default\">\n\t\t\t\t\t<div class=\"elementor-column elementor-col-100 elementor-top-column elementor-element elementor-element-7564cb2\" data-id=\"7564cb2\" data-element_type=\"column\" data-settings=\"{&quot;background_background&quot;:&quot;classic&quot;}\">\n\t\t\t<div class=\"elementor-widget-wrap elementor-element-populated\">\n\t\t\t\t\t<div class=\"elementor-background-overlay\"><\/div>\n\t\t\t\t\t\t\t\t<div class=\"elementor-element elementor-element-2019726 elementor-widget__width-initial elementor-widget elementor-widget-image\" data-id=\"2019726\" data-element_type=\"widget\" data-widget_type=\"image.default\">\n\t\t\t\t<div class=\"elementor-widget-container\">\n\t\t\t\t\t\t\t\t\t\t\t\t\t\t\t<img loading=\"lazy\" decoding=\"async\" width=\"1264\" height=\"165\" src=\"https:\/\/www.hak-lienz.at\/web\/wp-content\/uploads\/2023\/08\/Studium_po.png\" class=\"attachment-full size-full wp-image-5358\" alt=\"\" srcset=\"https:\/\/www.hak-lienz.at\/web\/wp-content\/uploads\/2023\/08\/Studium_po.png 1264w, https:\/\/www.hak-lienz.at\/web\/wp-content\/uploads\/2023\/08\/Studium_po-300x39.png 300w, https:\/\/www.hak-lienz.at\/web\/wp-content\/uploads\/2023\/08\/Studium_po-1024x134.png 1024w, https:\/\/www.hak-lienz.at\/web\/wp-content\/uploads\/2023\/08\/Studium_po-768x100.png 768w, https:\/\/www.hak-lienz.at\/web\/wp-content\/uploads\/2023\/08\/Studium_po-50x7.png 50w, https:\/\/www.hak-lienz.at\/web\/wp-content\/uploads\/2023\/08\/Studium_po-100x13.png 100w\" sizes=\"auto, (max-width: 1264px) 100vw, 1264px\" \/>\t\t\t\t\t\t\t\t\t\t\t\t\t\t\t<\/div>\n\t\t\t\t<\/div>\n\t\t\t\t\t<\/div>\n\t\t<\/div>\n\t\t\t\t\t\t\t<\/div>\n\t\t<\/section>\n\t\t\t\t<section class=\"elementor-section elementor-top-section elementor-element elementor-element-bda236b elementor-section-boxed elementor-section-height-default elementor-section-height-default wpr-particle-no wpr-jarallax-no wpr-parallax-no wpr-sticky-section-no\" data-id=\"bda236b\" data-element_type=\"section\" data-settings=\"{&quot;background_background&quot;:&quot;classic&quot;}\">\n\t\t\t\t\t\t<div class=\"elementor-container elementor-column-gap-default\">\n\t\t\t\t\t<div class=\"elementor-column elementor-col-50 elementor-top-column elementor-element elementor-element-ecb5027\" data-id=\"ecb5027\" data-element_type=\"column\" data-settings=\"{&quot;background_background&quot;:&quot;classic&quot;}\">\n\t\t\t<div class=\"elementor-widget-wrap elementor-element-populated\">\n\t\t\t\t\t\t\t\t<div class=\"elementor-element elementor-element-fa4f519 elementor-widget elementor-widget-text-editor\" data-id=\"fa4f519\" data-element_type=\"widget\" data-widget_type=\"text-editor.default\">\n\t\t\t\t<div class=\"elementor-widget-container\">\n\t\t\t\t\t\t\t<h1>Studienberechtigungen &#8211; HAK<\/h1><p>Die positiv abgelegte Reife- und Diplompr\u00fcfung der Handelsakademie berechtigt zum Studium an:<\/p><ul><li>Akademien<\/li><li>Fachhochschulen<\/li><li>Hochschulen<\/li><li>Kollegs<\/li><li>Universit\u00e4ten<\/li><\/ul><p><img loading=\"lazy\" decoding=\"async\" class=\"alignnone size-full wp-image-314\" src=\"https:\/\/www.hak-lienz.at\/web\/wp-content\/uploads\/2023\/07\/mci.webp\" alt=\"\" width=\"184\" height=\"99\" \/> <img loading=\"lazy\" decoding=\"async\" class=\"alignnone size-medium wp-image-743\" src=\"https:\/\/www.hak-lienz.at\/web\/wp-content\/uploads\/2023\/07\/th_kaernten-300x83.png\" alt=\"\" width=\"300\" height=\"83\" srcset=\"https:\/\/www.hak-lienz.at\/web\/wp-content\/uploads\/2023\/07\/th_kaernten-300x83.png 300w, https:\/\/www.hak-lienz.at\/web\/wp-content\/uploads\/2023\/07\/th_kaernten.png 358w\" sizes=\"auto, (max-width: 300px) 100vw, 300px\" \/><\/p>\t\t\t\t\t\t<\/div>\n\t\t\t\t<\/div>\n\t\t\t\t\t<\/div>\n\t\t<\/div>\n\t\t\t\t<div class=\"elementor-column elementor-col-50 elementor-top-column elementor-element elementor-element-c092d6a\" data-id=\"c092d6a\" data-element_type=\"column\" data-settings=\"{&quot;background_background&quot;:&quot;classic&quot;}\">\n\t\t\t<div class=\"elementor-widget-wrap elementor-element-populated\">\n\t\t\t\t\t\t\t\t<div class=\"elementor-element elementor-element-3aa462d elementor-widget elementor-widget-text-editor\" data-id=\"3aa462d\" data-element_type=\"widget\" data-widget_type=\"text-editor.default\">\n\t\t\t\t<div class=\"elementor-widget-container\">\n\t\t\t\t\t\t\t<h1>Vorteil?<\/h1><p>Anerkennung von Vorleistungen f\u00fcr BHS-AbsolventenInnen in Tirol. Die Ausbildung an Berufsbildenden H\u00f6heren Schulen (BHS) sowie an H\u00f6heren Anstalten der Lehrer- und Erzieherbildung dauert f\u00fcnf Jahre.\u00a0<\/p><p>Absolventeinnen und Absolventen der BHS profitieren von dieser l\u00e4ngeren Ausbildungszeit, indem sie sich f\u00fcr gewisse Studienrichtungen bereits ECTS anrechnen lassen k\u00f6nnen.<\/p><p>Somit verf\u00fcgen diese Schulen im Vergleich zu den vier Jahre dauernden Allgemeinbildenden H\u00f6heren Schulen (AHS) gem\u00e4\u00df der \u201eInternational Standard Classification of Education\u201c \u00fcber einen h\u00f6heren Bildungsstandard.<\/p><p>Link: http:\/\/www.uibk.ac.at\/studium\/anerkennungen\/index.html.de<\/p><h4>ISCED (=International Standard Classification of Education): Stufe 5<\/h4>\t\t\t\t\t\t<\/div>\n\t\t\t\t<\/div>\n\t\t\t\t\t<\/div>\n\t\t<\/div>\n\t\t\t\t\t\t\t<\/div>\n\t\t<\/section>\n\t\t\t\t<section class=\"elementor-section elementor-top-section elementor-element elementor-element-f224bd2 elementor-hidden-mobile elementor-section-boxed elementor-section-height-default elementor-section-height-default wpr-particle-no wpr-jarallax-no wpr-parallax-no wpr-sticky-section-no\" data-id=\"f224bd2\" data-element_type=\"section\">\n\t\t\t\t\t\t\t<div class=\"elementor-background-overlay\"><\/div>\n\t\t\t\t\t\t\t<div class=\"elementor-container elementor-column-gap-default\">\n\t\t\t\t\t<div class=\"elementor-column elementor-col-100 elementor-top-column elementor-element elementor-element-819d7fc\" data-id=\"819d7fc\" data-element_type=\"column\" data-settings=\"{&quot;background_background&quot;:&quot;classic&quot;}\">\n\t\t\t<div class=\"elementor-widget-wrap elementor-element-populated\">\n\t\t\t\t\t<div class=\"elementor-background-overlay\"><\/div>\n\t\t\t\t\t\t\t\t<div class=\"elementor-element elementor-element-83e698b elementor-widget__width-initial elementor-widget elementor-widget-image\" data-id=\"83e698b\" data-element_type=\"widget\" data-widget_type=\"image.default\">\n\t\t\t\t<div class=\"elementor-widget-container\">\n\t\t\t\t\t\t\t\t\t\t\t\t\t\t\t<img loading=\"lazy\" decoding=\"async\" width=\"1024\" height=\"134\" src=\"https:\/\/www.hak-lienz.at\/web\/wp-content\/uploads\/2023\/08\/Beruf_po-1-1024x134.png\" class=\"attachment-large size-large wp-image-5353\" alt=\"\" srcset=\"https:\/\/www.hak-lienz.at\/web\/wp-content\/uploads\/2023\/08\/Beruf_po-1-1024x134.png 1024w, https:\/\/www.hak-lienz.at\/web\/wp-content\/uploads\/2023\/08\/Beruf_po-1-300x39.png 300w, https:\/\/www.hak-lienz.at\/web\/wp-content\/uploads\/2023\/08\/Beruf_po-1-768x100.png 768w, https:\/\/www.hak-lienz.at\/web\/wp-content\/uploads\/2023\/08\/Beruf_po-1-50x7.png 50w, https:\/\/www.hak-lienz.at\/web\/wp-content\/uploads\/2023\/08\/Beruf_po-1-100x13.png 100w, https:\/\/www.hak-lienz.at\/web\/wp-content\/uploads\/2023\/08\/Beruf_po-1.png 1264w\" sizes=\"auto, (max-width: 1024px) 100vw, 1024px\" \/>\t\t\t\t\t\t\t\t\t\t\t\t\t\t\t<\/div>\n\t\t\t\t<\/div>\n\t\t\t\t\t<\/div>\n\t\t<\/div>\n\t\t\t\t\t\t\t<\/div>\n\t\t<\/section>\n\t\t\t\t<section class=\"elementor-section elementor-top-section elementor-element elementor-element-8bc63ee elementor-section-boxed elementor-section-height-default elementor-section-height-default wpr-particle-no wpr-jarallax-no wpr-parallax-no wpr-sticky-section-no\" data-id=\"8bc63ee\" data-element_type=\"section\" data-settings=\"{&quot;background_background&quot;:&quot;classic&quot;}\">\n\t\t\t\t\t\t<div class=\"elementor-container elementor-column-gap-default\">\n\t\t\t\t\t<div class=\"elementor-column elementor-col-50 elementor-top-column elementor-element elementor-element-3699314\" data-id=\"3699314\" data-element_type=\"column\" data-settings=\"{&quot;background_background&quot;:&quot;classic&quot;}\">\n\t\t\t<div class=\"elementor-widget-wrap elementor-element-populated\">\n\t\t\t\t\t\t\t\t<div class=\"elementor-element elementor-element-b7ad0d3 elementor-widget elementor-widget-text-editor\" data-id=\"b7ad0d3\" data-element_type=\"widget\" data-widget_type=\"text-editor.default\">\n\t\t\t\t<div class=\"elementor-widget-container\">\n\t\t\t\t\t\t\t<h1>Berufsberechtigungen &#8211; HAK<\/h1>\n<p>Im Vergleich zu einem Abschluss in einer allgemeinbildenden h\u00f6heren Schule bietet die HAK Matura durch die wirtschaftliche Vertiefung bessere M\u00f6glichkeiten, direkt in das Berufsleben einzusteigen!<\/p>\t\t\t\t\t\t<\/div>\n\t\t\t\t<\/div>\n\t\t\t\t\t<\/div>\n\t\t<\/div>\n\t\t\t\t<div class=\"elementor-column elementor-col-50 elementor-top-column elementor-element elementor-element-dec435e\" data-id=\"dec435e\" data-element_type=\"column\" data-settings=\"{&quot;background_background&quot;:&quot;classic&quot;}\">\n\t\t\t<div class=\"elementor-widget-wrap elementor-element-populated\">\n\t\t\t\t\t\t\t\t<div class=\"elementor-element elementor-element-d2f101f elementor-widget elementor-widget-text-editor\" data-id=\"d2f101f\" data-element_type=\"widget\" data-widget_type=\"text-editor.default\">\n\t\t\t\t<div class=\"elementor-widget-container\">\n\t\t\t\t\t\t\t<h1>Vorteil?<\/h1><p>Ein positiver Abschluss der HAK er\u00f6ffnet den Zugang zu verschiedenen qualifizierten Berufen und T\u00e4tigkeitsfeldern. Du kannst sofort in das Berufsleben mit ansprechender Bezahlung einsteigen!<\/p>\t\t\t\t\t\t<\/div>\n\t\t\t\t<\/div>\n\t\t\t\t\t<\/div>\n\t\t<\/div>\n\t\t\t\t\t\t\t<\/div>\n\t\t<\/section>\n\t\t\t\t<section class=\"elementor-section elementor-top-section elementor-element elementor-element-76ac90c elementor-section-boxed elementor-section-height-default elementor-section-height-default wpr-particle-no wpr-jarallax-no wpr-parallax-no wpr-sticky-section-no\" data-id=\"76ac90c\" data-element_type=\"section\" data-settings=\"{&quot;background_background&quot;:&quot;classic&quot;}\">\n\t\t\t\t\t\t<div class=\"elementor-container elementor-column-gap-default\">\n\t\t\t\t\t<div class=\"elementor-column elementor-col-50 elementor-top-column elementor-element elementor-element-9f33756\" data-id=\"9f33756\" data-element_type=\"column\" data-settings=\"{&quot;background_background&quot;:&quot;classic&quot;}\">\n\t\t\t<div class=\"elementor-widget-wrap elementor-element-populated\">\n\t\t\t\t\t\t\t\t<div class=\"elementor-element elementor-element-caf4d7d elementor-widget elementor-widget-text-editor\" data-id=\"caf4d7d\" data-element_type=\"widget\" data-widget_type=\"text-editor.default\">\n\t\t\t\t<div class=\"elementor-widget-container\">\n\t\t\t\t\t\t\t<h1>Als Mitarbeiter\/in!<\/h1>\n<p>Als Mitarbeiter\/in oder Unternehmer\/in in T\u00e4tigkeitsbereichen mit hohem Ma\u00df an Eigenverantwortung!<\/p>\n<p>in verschiedenen Zweigen der Wirtschaft und der Verwaltung auf mittlerer und h\u00f6herer kaufm\u00e4nnischer und administrativer Ebene:<\/p>\n<p><strong>M\u00f6gliche T\u00e4tigkeiten:<\/strong><\/p>\n<p>B\u00fcroservice, Banken, Vermittlung von Bausparvertr\u00e4gen, Versicherungen, Vermittlung von Beratungsauftr\u00e4gen, Rechnungswesen, Statistische Erhebungen, Marketing, EDV-Dienstleistungen,&nbsp;<\/p>\n<p>Vermittlung von Warenhandelsgesch\u00e4ften, Dienstleistungen im IT-Bereich, Vermittlung von Diskontgesch\u00e4ften, Versteigerung beweglicher Sachen, Vermittlung v. Valutengesch\u00e4ften, Verwaltung von beweglichem Verm\u00f6gen, Vermittlung von Beratungsauftr\u00e4gen,&nbsp;<\/p>\n<p>Computerunterst\u00fctzter Versand, Veranstaltungsagentur, Call-Center, Handelsagent\/in, Adressverlag, Informationsanbieter\/in, Werbeagentur, Pfandleiher\/in, Werbeberater\/in, Public Relations Berater\/in, Preisagentur, Warenpr\u00e4sentator\/in &#8230;;<\/p>\t\t\t\t\t\t<\/div>\n\t\t\t\t<\/div>\n\t\t\t\t\t<\/div>\n\t\t<\/div>\n\t\t\t\t<div class=\"elementor-column elementor-col-50 elementor-top-column elementor-element elementor-element-0b4d7c8\" data-id=\"0b4d7c8\" data-element_type=\"column\" data-settings=\"{&quot;background_background&quot;:&quot;classic&quot;}\">\n\t\t\t<div class=\"elementor-widget-wrap elementor-element-populated\">\n\t\t\t\t\t\t\t\t<div class=\"elementor-element elementor-element-57c412b elementor-widget elementor-widget-text-editor\" data-id=\"57c412b\" data-element_type=\"widget\" data-widget_type=\"text-editor.default\">\n\t\t\t\t<div class=\"elementor-widget-container\">\n\t\t\t\t\t\t\t<h1>Selbstst\u00e4ndige Aus\u00fcbung reglementierter Berufe!<\/h1><p>Nach Nachweis fachlicher T\u00e4tigkeit,<br \/>z. B.: Inkassoinstitut, Unternehmensberatung\/Unternehmensorganisation, Verm\u00f6gensberatung, Versicherungsagent\/in;<\/p><p>Nach bestandener Bef\u00e4higungsnachweispr\u00fcfung<br \/>z. B. Arbeitsvermittlung, Arbeitskr\u00e4fte\u00fcberlassung, Reiseb\u00fcro, Versicherungsmakler\/in, Berater\/in in Versicherungsangelegenheiten, Spediteur\/in, Transportagent\/in, Gewerbliche\/r Buchhalter\/in, Immobilienmakler\/in, Immobilienverwalter\/in<\/p><p>Je nach gew\u00e4hlter Fachrichtung bzw. nach belegtem Ausbildungsschwerpunkt treten zu den beispielhaft angef\u00fchrten T\u00e4tigkeitsfeldern weitere fachspezifische T\u00e4tigkeitsfelder hinzu.<\/p><p>Der erfolgreiche Abschluss der HAK ersetzt die Unternehmerpr\u00fcfung und gilt auch als Nachweis einer mit einer facheinschl\u00e4gigen Lehrabschlusspr\u00fcfung abgeschlossenen beruflichen Ausbildung (z. B. B\u00fcrokaufmann, Gro\u00dfhandelskaufmann, Einzelhandelskaufmann, Industriekaufmann).<\/p><p>Die Anerkennung von Berufsberechtigungen obliegt der Wirtschaftskammer. N\u00e4here Ausk\u00fcnfte sind dort erh\u00e4ltlich.<\/p>\t\t\t\t\t\t<\/div>\n\t\t\t\t<\/div>\n\t\t\t\t\t<\/div>\n\t\t<\/div>\n\t\t\t\t\t\t\t<\/div>\n\t\t<\/section>\n\t\t\t\t\t\t\t<\/div>\n\t\t","protected":false},"excerpt":{"rendered":"<p>HAK Abschluss Was kann ich nach der HAK alles machen? Du hast nach den 5 Jahre einen sehr hohen Bildungsgrad erreicht. ISCED (=International Standard Classification of Education): Stufe 5! Studienberechtigungen &#8211; HAK Die positiv abgelegte Reife- und Diplompr\u00fcfung der Handelsakademie berechtigt zum Studium an: Akademien Fachhochschulen Hochschulen Kollegs Universit\u00e4ten Vorteil? Anerkennung von Vorleistungen f\u00fcr BHS-AbsolventenInnen&#8230;<\/p>\n","protected":false},"author":1,"featured_media":0,"parent":0,"menu_order":0,"comment_status":"closed","ping_status":"closed","template":"","meta":{"_kad_post_transparent":"default","_kad_post_title":"hide","_kad_post_layout":"default","_kad_post_sidebar_id":"","_kad_post_content_style":"unboxed","_kad_post_vertical_padding":"hide","_kad_post_feature":"hide","_kad_post_feature_position":"","_kad_post_header":false,"_kad_post_footer":false,"footnotes":""},"class_list":["post-153","page","type-page","status-publish","hentry"],"aioseo_notices":[],"_links":{"self":[{"href":"https:\/\/www.hak-lienz.at\/web\/wp-json\/wp\/v2\/pages\/153","targetHints":{"allow":["GET"]}}],"collection":[{"href":"https:\/\/www.hak-lienz.at\/web\/wp-json\/wp\/v2\/pages"}],"about":[{"href":"https:\/\/www.hak-lienz.at\/web\/wp-json\/wp\/v2\/types\/page"}],"author":[{"embeddable":true,"href":"https:\/\/www.hak-lienz.at\/web\/wp-json\/wp\/v2\/users\/1"}],"replies":[{"embeddable":true,"href":"https:\/\/www.hak-lienz.at\/web\/wp-json\/wp\/v2\/comments?post=153"}],"version-history":[{"count":12,"href":"https:\/\/www.hak-lienz.at\/web\/wp-json\/wp\/v2\/pages\/153\/revisions"}],"predecessor-version":[{"id":13175,"href":"https:\/\/www.hak-lienz.at\/web\/wp-json\/wp\/v2\/pages\/153\/revisions\/13175"}],"wp:attachment":[{"href":"https:\/\/www.hak-lienz.at\/web\/wp-json\/wp\/v2\/media?parent=153"}],"curies":[{"name":"wp","href":"https:\/\/api.w.org\/{rel}","templated":true}]}}